{"id":133,"date":"2024-01-17T12:56:13","date_gmt":"2024-01-17T12:56:13","guid":{"rendered":"https:\/\/demo.temavadisi.com\/vadikurumsalv7\/?page_id=133"},"modified":"2025-11-13T09:15:10","modified_gmt":"2025-11-13T09:15:10","slug":"hakkimizda","status":"publish","type":"page","link":"https:\/\/davivailac.com.tr\/index.php\/hakkimizda\/","title":{"rendered":"Hakk\u0131m\u0131zda"},"content":{"rendered":"<div id=\"pl-133\"  class=\"panel-layout\" ><div id=\"pg-133-0\"  class=\"panel-grid panel-no-style\" ><div id=\"pgc-133-0-0\"  class=\"panel-grid-cell\" ><div id=\"panel-133-0-0-0\" class=\"so-panel widget widget_text panel-first-child panel-last-child\" data-index=\"0\" ><div class=\"pb_title\"><span class=\"widget_h2\">Hakk\u0131m\u0131zda<\/span><\/div>\t\t\t<div class=\"textwidget\"><p><strong>Daviva Healthcare<\/strong>\u2019in sa\u011fl\u0131k alan\u0131ndaki k\u00f6kl\u00fc deneyimi ve g\u00fcvenilir hizmet anlay\u0131\u015f\u0131ndan do\u011fan <strong>Daviva \u0130la\u00e7<\/strong>, 2025 y\u0131l\u0131nda ila\u00e7 sekt\u00f6r\u00fcndeki yolculu\u011funa ba\u015flad\u0131. T\u00fcrkiye\u2019nin d\u00f6rt bir yan\u0131nda sundu\u011fu diyaliz hizmetleriyle ulusal ve uluslararas\u0131 \u00f6l\u00e7ekte tan\u0131nan Daviva, sa\u011fl\u0131kta b\u00fct\u00fcnc\u00fcl yakla\u015f\u0131m\u0131n\u0131 tamamlamak amac\u0131yla, ila\u00e7 alan\u0131nda da kal\u0131c\u0131 bir de\u011fer yaratmay\u0131 hedefliyor.<\/p>\n<p>\u0130lk a\u015famada nefroloji alan\u0131nda pazara sundu\u011fu \u00fcr\u00fcnlerle \u00fclkemizdeki tedavi olanaklar\u0131n\u0131 g\u00fc\u00e7lendiren Daviva \u0130la\u00e7, insan odakl\u0131l\u0131k ve \u201cher bireyin kaliteli ya\u015fam hakk\u0131 vard\u0131r\u201d anlay\u0131\u015f\u0131n\u0131 temel al\u0131yor. Bilimsel geli\u015fmeleri yak\u0131ndan takip eden, etik de\u011ferlere s\u0131k\u0131 s\u0131k\u0131ya ba\u011fl\u0131 ve hasta g\u00fcvenli\u011fini \u00f6ncelik olarak g\u00f6ren yakla\u015f\u0131m\u0131yla, ila\u00e7 sekt\u00f6r\u00fcnde s\u00fcrd\u00fcr\u00fclebilir bir ba\u015far\u0131 ve toplumsal fayda yaratmay\u0131 ama\u00e7l\u0131yor.<\/p>\n<p>Daviva \u0130la\u00e7, yaln\u0131zca nefroloji alan\u0131nda de\u011fil, T\u00fcrkiye\u2019nin ihtiya\u00e7 duydu\u011fu <strong>ni\u015f terap\u00f6tik alanlarda<\/strong> da yenilik\u00e7i \u00e7\u00f6z\u00fcmler geli\u015ftirmeye odaklan\u0131yor. Bu do\u011frultuda, sa\u011fl\u0131k profesyonelleriyle g\u00fc\u00e7l\u00fc i\u015f birlikleri kurarak bilimsel ilerlemeyi destekliyor, hastalar\u0131n ya\u015fam kalitesini art\u0131rmay\u0131 misyonunun merkezine yerle\u015ftiriyor.<\/p>\n<p>Daviva Healthcare\u2019in sa\u011fl\u0131kta m\u00fckemmeliyet vizyonunu ileriye ta\u015f\u0131yan Daviva \u0130la\u00e7; etik de\u011ferlere ba\u011fl\u0131, g\u00fcvenilir, yenilik\u00e7i ve insan ya\u015fam\u0131na de\u011fer katan bir ila\u00e7 \u015firketi olarak b\u00fcy\u00fcmeye devam ediyor.<\/p>\n<\/div>\n\t\t<\/div><\/div><\/div><div id=\"pg-133-1\"  class=\"panel-grid panel-no-style\" ><div id=\"pgc-133-1-0\"  class=\"panel-grid-cell\" ><div id=\"panel-133-1-0-0\" class=\"so-panel widget widget_text panel-first-child\" data-index=\"1\" ><div class=\"pb_title\"><span class=\"widget_h2\">Misyonumuz<\/span><\/div>\t\t\t<div class=\"textwidget\"><p><strong>Bilimsel yenilikleri insan sa\u011fl\u0131\u011f\u0131na d\u00f6n\u00fc\u015ft\u00fcrerek toplumun ya\u015fam kalitesini y\u00fckseltmek.<\/strong><\/p>\n<p>Hasta g\u00fcvenli\u011fi, etik de\u011ferler ve s\u00fcrd\u00fcr\u00fclebilirlik ilkelerinden \u00f6d\u00fcn vermeden; nefroloji ba\u015fta olmak \u00fczere \u00fclkemizin ihtiya\u00e7 duydu\u011fu terap\u00f6tik alanlarda etkili, g\u00fcvenilir ve eri\u015filebilir ila\u00e7lar sunmay\u0131 hedefliyoruz.<\/p>\n<\/div>\n\t\t<\/div><div id=\"panel-133-1-0-1\" class=\"so-panel widget widget_text panel-last-child\" data-index=\"2\" ><div class=\"pb_title\"><span class=\"widget_h2\">Misyonumuz<\/span><\/div>\t\t\t<div class=\"textwidget\"><p>Bilimsel ilerlemeyi, etik sorumlulu\u011fu ve insan odakl\u0131l\u0131\u011f\u0131 bir arada ta\u015f\u0131yan \u00f6nc\u00fc bir ila\u00e7 \u015firketi olarak;<\/p>\n<ul>\n<li>Nefroloji alan\u0131nda T\u00fcrkiye\u2019nin referans markas\u0131,<\/li>\n<li>Yenilik\u00e7i \u00e7\u00f6z\u00fcmlerle uluslararas\u0131 \u00f6l\u00e7ekte tan\u0131nan bir sa\u011fl\u0131k partneri,<\/li>\n<li>Topluma, \u00e7evreye ve gelece\u011fe de\u011fer katan s\u00fcrd\u00fcr\u00fclebilir bir kurum olmak vizyonumuzdur.<\/li>\n<\/ul>\n<p>Daviva \u0130la\u00e7, \u201cinsan i\u00e7in sa\u011fl\u0131k, sa\u011fl\u0131k i\u00e7in bilim\u201d anlay\u0131\u015f\u0131yla yaln\u0131zca tedavi de\u011fil, kal\u0131c\u0131 iyile\u015fme ve g\u00fcven in\u015fa eden bir gelecek tasarlamay\u0131 ama\u00e7lar.<\/p>\n<\/div>\n\t\t<\/div><\/div><\/div><div id=\"pg-133-2\"  class=\"panel-grid panel-no-style\" ><div id=\"pgc-133-2-0\"  class=\"panel-grid-cell\" ><div id=\"panel-133-2-0-0\" class=\"so-panel widget widget_text panel-first-child panel-last-child\" data-index=\"3\" ><div class=\"pb_title\"><span class=\"widget_h2\">Ar-Ge ve Yenilik<\/span><\/div>\t\t\t<div class=\"textwidget\"><p>Daviva \u0130la\u00e7, sa\u011fl\u0131kta kal\u0131c\u0131 de\u011fer yaratman\u0131n ancak bilimsel ilerleme ve s\u00fcrekli yenilikle m\u00fcmk\u00fcn oldu\u011funa inan\u0131r. Bu anlay\u0131\u015fla kurulan\u00a0<strong>Ara\u015ft\u0131rma ve Geli\u015ftirme (Ar-Ge)<\/strong>\u00a0birimi, hasta ihtiya\u00e7lar\u0131n\u0131 merkeze alarak yeni form\u00fclasyonlar, modern \u00fcretim teknolojileri ve terap\u00f6tik \u00e7\u00f6z\u00fcmler \u00fczerinde \u00e7al\u0131\u015f\u0131r.<\/p>\n<p>Daviva, yaln\u0131zca bug\u00fcn\u00fcn de\u011fil, gelece\u011fin tedavi standartlar\u0131n\u0131 da \u015fekillendirmeyi hedefler. Bilimsel ara\u015ft\u0131rmalar\u0131 destekleyen, klinik i\u015f birlikleriyle g\u00fc\u00e7lenen bu yap\u0131 sayesinde;\u00a0<strong>y\u00fcksek etki, g\u00fcvenlik ve s\u00fcrd\u00fcr\u00fclebilir kalite<\/strong>\u00a0ilkeleriyle tasarlanan \u00fcr\u00fcnler sunar. Yenilik\u00e7i yakla\u015f\u0131m\u0131m\u0131z\u0131n merkezinde, insan sa\u011fl\u0131\u011f\u0131na hizmet eden ak\u0131lc\u0131 ve etik bilimin g\u00fcc\u00fc yer al\u0131r.<\/p>\n<\/div>\n\t\t<\/div><\/div><div id=\"pgc-133-2-1\"  class=\"panel-grid-cell\" ><div id=\"panel-133-2-1-0\" class=\"so-panel widget widget_media_image panel-first-child panel-last-child\" data-index=\"4\" ><img loading=\"lazy\" decoding=\"async\" width=\"1024\" height=\"684\" src=\"https:\/\/davivailac.com.tr\/wp-content\/uploads\/2024\/01\/Arastirma-Gelistirme-1024x684.jpg\" class=\"image wp-image-265  attachment-large size-large\" alt=\"\" style=\"max-width: 100%; height: auto;\" srcset=\"https:\/\/davivailac.com.tr\/wp-content\/uploads\/2024\/01\/Arastirma-Gelistirme-1024x684.jpg 1024w, https:\/\/davivailac.com.tr\/wp-content\/uploads\/2024\/01\/Arastirma-Gelistirme-300x200.jpg 300w, https:\/\/davivailac.com.tr\/wp-content\/uploads\/2024\/01\/Arastirma-Gelistirme-768x513.jpg 768w, https:\/\/davivailac.com.tr\/wp-content\/uploads\/2024\/01\/Arastirma-Gelistirme-1536x1025.jpg 1536w, https:\/\/davivailac.com.tr\/wp-content\/uploads\/2024\/01\/Arastirma-Gelistirme-2048x1367.jpg 2048w\" sizes=\"auto, (max-width: 1024px) 100vw, 1024px\" \/><\/div><\/div><\/div><div id=\"pg-133-3\"  class=\"panel-grid panel-no-style\" ><div id=\"pgc-133-3-0\"  class=\"panel-grid-cell\" ><div id=\"panel-133-3-0-0\" class=\"so-panel widget widget_media_image panel-first-child panel-last-child\" data-index=\"5\" ><img loading=\"lazy\" decoding=\"async\" width=\"1024\" height=\"684\" src=\"https:\/\/davivailac.com.tr\/wp-content\/uploads\/2024\/01\/Hasta-Odakli-Yaklasim-1024x684.jpg\" class=\"image wp-image-264  attachment-large size-large\" alt=\"\" style=\"max-width: 100%; height: auto;\" srcset=\"https:\/\/davivailac.com.tr\/wp-content\/uploads\/2024\/01\/Hasta-Odakli-Yaklasim-1024x684.jpg 1024w, https:\/\/davivailac.com.tr\/wp-content\/uploads\/2024\/01\/Hasta-Odakli-Yaklasim-300x200.jpg 300w, https:\/\/davivailac.com.tr\/wp-content\/uploads\/2024\/01\/Hasta-Odakli-Yaklasim-768x513.jpg 768w, https:\/\/davivailac.com.tr\/wp-content\/uploads\/2024\/01\/Hasta-Odakli-Yaklasim-1536x1025.jpg 1536w, https:\/\/davivailac.com.tr\/wp-content\/uploads\/2024\/01\/Hasta-Odakli-Yaklasim-2048x1367.jpg 2048w\" sizes=\"auto, (max-width: 1024px) 100vw, 1024px\" \/><\/div><\/div><div id=\"pgc-133-3-1\"  class=\"panel-grid-cell\" ><div id=\"panel-133-3-1-0\" class=\"so-panel widget widget_text panel-first-child panel-last-child\" data-index=\"6\" ><div class=\"pb_title\"><span class=\"widget_h2\">Hasta Odakl\u0131 Yakla\u015f\u0131m<\/span><\/div>\t\t\t<div class=\"textwidget\"><p>Daviva \u0130la\u00e7, t\u00fcm faaliyetlerinde \u201c\u00f6nce insan\u201d anlay\u0131\u015f\u0131yla hareket eder. Hastalar\u0131n ya\u015fam kalitesini y\u00fckseltmek, tedavi s\u00fcre\u00e7lerini kolayla\u015ft\u0131rmak ve ila\u00e7lara eri\u015fimi g\u00fc\u00e7lendirmek, stratejimizin temelini olu\u015fturur. Daviva \u0130la\u00e7, sa\u011fl\u0131k profesyonelleriyle g\u00fc\u00e7l\u00fc ileti\u015fim kurarak tedavi s\u00fcrecinin her a\u015famas\u0131nda hastaya dokunur.<\/p>\n<p>Her \u00fcr\u00fcn, yaln\u0131zca klinik etkinli\u011fiyle de\u011fil, etik \u00fcretim standartlar\u0131 ve g\u00fcvenli kullan\u0131m kriterleriyle de \u015fekillenir. Bu yakla\u015f\u0131m, sadece tedaviye de\u011fil, iyile\u015fme deneyimine katk\u0131 sa\u011flamay\u0131 ama\u00e7lar.\u00a0 Bu inan\u00e7la, \u015feffafl\u0131k, g\u00fcven ve s\u00fcrd\u00fcr\u00fclebilir sa\u011fl\u0131k hedefiyle yolumuza devam ediyoruz.<\/p>\n<\/div>\n\t\t<\/div><\/div><\/div><div id=\"pg-133-4\"  class=\"panel-grid panel-no-style\" ><div id=\"pgc-133-4-0\"  class=\"panel-grid-cell\" ><div id=\"panel-133-4-0-0\" class=\"so-panel widget widget_text panel-first-child panel-last-child\" data-index=\"7\" ><div class=\"pb_title\"><span class=\"widget_h2\">S\u00fcrd\u00fcr\u00fclebilirlik<\/span><\/div>\t\t\t<div class=\"textwidget\"><p>Daviva \u0130la\u00e7, sa\u011fl\u0131\u011f\u0131 yaln\u0131zca bireysel bir hak de\u011fil, toplumsal ve \u00e7evresel bir sorumluluk olarak g\u00f6r\u00fcr. S\u00fcrd\u00fcr\u00fclebilirlik stratejimiz; etik \u00fcretim s\u00fcre\u00e7lerinden \u00e7evreye duyarl\u0131 politikalar\u0131m\u0131za, \u00e7al\u0131\u015fan refah\u0131ndan topluma katk\u0131 projelerimize kadar uzan\u0131r.<\/p>\n<p>Enerji verimlili\u011fi, at\u0131k y\u00f6netimi ve ye\u015fil \u00fcretim ilkeleriyle y\u00fcr\u00fctt\u00fc\u011f\u00fcm\u00fcz \u00e7al\u0131\u015fmalar, \u201cinsan i\u00e7in sa\u011fl\u0131k, sa\u011fl\u0131k i\u00e7in gezegen\u201d anlay\u0131\u015f\u0131m\u0131z\u0131n bir g\u00f6stergesidir.<\/p>\n<p>Daviva \u0130la\u00e7, her ad\u0131m\u0131nda bilimin \u0131\u015f\u0131\u011f\u0131nda ilerlerken, hem bug\u00fcn\u00fcn hastalar\u0131na hem de gelece\u011fin nesillerine daha sa\u011fl\u0131kl\u0131 bir d\u00fcnya b\u0131rakmay\u0131 ama\u00e7lar.<\/p>\n<\/div>\n\t\t<\/div><\/div><div id=\"pgc-133-4-1\"  class=\"panel-grid-cell\" ><div id=\"panel-133-4-1-0\" class=\"so-panel widget widget_media_image panel-first-child panel-last-child\" data-index=\"8\" ><img loading=\"lazy\" decoding=\"async\" width=\"1024\" height=\"683\" src=\"https:\/\/davivailac.com.tr\/wp-content\/uploads\/2025\/11\/s-1-1024x683.jpg\" class=\"image wp-image-181  attachment-large size-large\" alt=\"\" style=\"max-width: 100%; height: auto;\" srcset=\"https:\/\/davivailac.com.tr\/wp-content\/uploads\/2025\/11\/s-1-1024x683.jpg 1024w, https:\/\/davivailac.com.tr\/wp-content\/uploads\/2025\/11\/s-1-300x200.jpg 300w, https:\/\/davivailac.com.tr\/wp-content\/uploads\/2025\/11\/s-1-768x512.jpg 768w, https:\/\/davivailac.com.tr\/wp-content\/uploads\/2025\/11\/s-1.jpg 1050w\" sizes=\"auto, (max-width: 1024px) 100vw, 1024px\" \/><\/div><\/div><\/div><\/div>","protected":false},"excerpt":{"rendered":"<p>Daviva Healthcare\u2019in sa\u011fl\u0131k alan\u0131ndaki k\u00f6kl\u00fc deneyimi ve g\u00fcvenilir hizmet anlay\u0131\u015f\u0131ndan do\u011fan Daviva \u0130la\u00e7, 2025 y\u0131l\u0131nda ila\u00e7 sekt\u00f6r\u00fcndeki yolculu\u011funa ba\u015flad\u0131. T\u00fcrkiye\u2019nin d\u00f6rt bir yan\u0131nda sundu\u011fu diyaliz hizmetleriyle ulusal ve uluslararas\u0131 \u00f6l\u00e7ekte tan\u0131nan Daviva, sa\u011fl\u0131kta b\u00fct\u00fcnc\u00fcl yakla\u015f\u0131m\u0131n\u0131 tamamlamak amac\u0131yla, ila\u00e7 alan\u0131nda da kal\u0131c\u0131 bir de\u011fer yaratmay\u0131 hedefliyor. \u0130lk a\u015famada nefroloji alan\u0131nda pazara sundu\u011fu \u00fcr\u00fcnlerle \u00fclkemizdeki tedavi olanaklar\u0131n\u0131..<\/p>\n","protected":false},"author":1,"featured_media":0,"parent":0,"menu_order":0,"comment_status":"closed","ping_status":"closed","template":"","meta":{"footnotes":""},"class_list":["post-133","page","type-page","status-publish","hentry"],"_links":{"self":[{"href":"https:\/\/davivailac.com.tr\/index.php\/wp-json\/wp\/v2\/pages\/133","targetHints":{"allow":["GET"]}}],"collection":[{"href":"https:\/\/davivailac.com.tr\/index.php\/wp-json\/wp\/v2\/pages"}],"about":[{"href":"https:\/\/davivailac.com.tr\/index.php\/wp-json\/wp\/v2\/types\/page"}],"author":[{"embeddable":true,"href":"https:\/\/davivailac.com.tr\/index.php\/wp-json\/wp\/v2\/users\/1"}],"replies":[{"embeddable":true,"href":"https:\/\/davivailac.com.tr\/index.php\/wp-json\/wp\/v2\/comments?post=133"}],"version-history":[{"count":14,"href":"https:\/\/davivailac.com.tr\/index.php\/wp-json\/wp\/v2\/pages\/133\/revisions"}],"predecessor-version":[{"id":368,"href":"https:\/\/davivailac.com.tr\/index.php\/wp-json\/wp\/v2\/pages\/133\/revisions\/368"}],"wp:attachment":[{"href":"https:\/\/davivailac.com.tr\/index.php\/wp-json\/wp\/v2\/media?parent=133"}],"curies":[{"name":"wp","href":"https:\/\/api.w.org\/{rel}","templated":true}]}}