{"id":14,"date":"2023-08-11T09:13:53","date_gmt":"2023-08-11T09:13:53","guid":{"rendered":"https:\/\/demo.temavadisi.com\/vadikurumsalv7\/?page_id=14"},"modified":"2026-02-18T13:59:15","modified_gmt":"2026-02-18T13:59:15","slug":"anasayfa","status":"publish","type":"page","link":"https:\/\/davivailac.com.tr\/","title":{"rendered":"Anasayfa"},"content":{"rendered":"<div id=\"pl-14\"  class=\"panel-layout\" ><div id=\"pg-14-0\"  class=\"panel-grid panel-has-style\" ><div class=\"panel-row-style panel-row-style-for-14-0\" ><div id=\"pgc-14-0-0\"  class=\"panel-grid-cell\" ><div id=\"panel-14-0-0-0\" class=\"so-panel widget widget_box panel-first-child panel-last-child\" data-index=\"0\" ><div\n\t\t\t\n\t\t\tclass=\"so-widget-box so-widget-box-base\"\n\t\t\t\n\t\t><div class=\"row\">\n<div class=\"box_widget col-xl-4 col-lg-4\">\n\t<div class=\"box_widget-img\">\n\t\t<img loading=\"lazy\" decoding=\"async\" width=\"388\" height=\"270\" src=\"https:\/\/davivailac.com.tr\/wp-content\/uploads\/2025\/11\/s-1-388x270.jpg\" class=\"attachment-388x270 size-388x270\" alt=\"\" \/>\t<\/div>\n\t<div class=\"box_widget-txt\">\n\t\t<i class=\"icon-users\"><\/i>\n\t\t<a href=\"https:\/\/davivailac.com.tr\/index.php\/hakkimizda\/\">\n\t\t\t<span>S\u00fcrd\u00fcr\u00fclebilirlik<\/span>\n\t\t<\/a>\n\t<\/div>\n<\/div>\n<div class=\"box_widget col-xl-4 col-lg-4\">\n\t<div class=\"box_widget-img\">\n\t\t<img loading=\"lazy\" decoding=\"async\" width=\"388\" height=\"270\" src=\"https:\/\/davivailac.com.tr\/wp-content\/uploads\/2024\/01\/Arastirma-Gelistirme-388x270.jpg\" class=\"attachment-388x270 size-388x270\" alt=\"\" \/>\t<\/div>\n\t<div class=\"box_widget-txt\">\n\t\t<i class=\"icon-cloud\"><\/i>\n\t\t<a href=\"https:\/\/davivailac.com.tr\/index.php\/hakkimizda\/\">\n\t\t\t<span>Ar-Ge ve Yenilik<\/span>\n\t\t<\/a>\n\t<\/div>\n<\/div>\n<div class=\"box_widget col-xl-4 col-lg-4\">\n\t<div class=\"box_widget-img\">\n\t\t<img loading=\"lazy\" decoding=\"async\" width=\"388\" height=\"270\" src=\"https:\/\/davivailac.com.tr\/wp-content\/uploads\/2024\/01\/Hasta-Odakli-Yaklasim-388x270.jpg\" class=\"attachment-388x270 size-388x270\" alt=\"\" \/>\t<\/div>\n\t<div class=\"box_widget-txt\">\n\t\t<i class=\"icon-rss\"><\/i>\n\t\t<a href=\"https:\/\/davivailac.com.tr\/index.php\/hakkimizda\/\">\n\t\t\t<span>Hasta Odakl\u0131 Yakla\u015f\u0131m<\/span>\n\t\t<\/a>\n\t<\/div>\n<\/div>\n<\/div><\/div><\/div><\/div><\/div><\/div><div id=\"pg-14-1\"  class=\"panel-grid panel-has-style\" ><div class=\"siteorigin-panels-stretch panel-row-style panel-row-style-for-14-1\" data-stretch-type=\"full\" ><div id=\"pgc-14-1-0\"  class=\"panel-grid-cell\" ><div id=\"panel-14-1-0-0\" class=\"so-panel widget widget_hizmetlerimiz panel-first-child panel-last-child\" data-index=\"1\" ><div\n\t\t\t\n\t\t\tclass=\"so-widget-hizmetlerimiz so-widget-hizmetlerimiz-base\"\n\t\t\t\n\t\t><div class=\"hizmet_ust\">\n\t<div class=\"row\">\n\t\t<div class=\"col-xl-6 col-lg-6\">\n\t\t\t<div class=\"subbas\" style=\"color:#ffffff;\"><\/div>\n\t\t\t<div class=\"genbas\" style=\"color:#ffffff;\">YA\u015eAM BOYU DE\u011eER<\/div>\n\t\t<\/div>\n\t\t<div class=\"col-xl-6 col-lg-6\">\n\t\t\t<div class=\"hizmet_desc\" style=\"color:#ffffff;opacity:.6;\">\n\t\t\t\t\t\t\t<\/div>\n\t\t<\/div>\n\t<\/div>\n<\/div>\n<div class=\"hizmet_alt\">\n\t<div class=\"row\">\n\t<style>.hizmet_bilgi:hover{border-bottom-color:#ffffff;}.hizmet_bilgi:hover .hizmet_i{background-color:#ffffff !important}.hizmet_bilgi:hover .hizmet_i i{-webkit-text-fill-color:#fff;}<\/style>\n\t\t<div class=\"col-xl-3 col-lg-4 col-md-6\">\n\t\t\t<div class=\"hizmet_bilgi\">\n\t\t\t\t<div class=\"hizmet_i\" style=\"background-color:#ffffff;\"><i class=\"materialicons-sowm-regular-adjust\"><\/i><\/div>\n\t\t\t\t<div class=\"hizmet_b\"><a href=\"#\" style=\"color:#ffffff;\">%100 Yerli Yat\u0131r\u0131m<\/a><\/div>\n\t\t\t\t<div class=\"hizmet_a\" style=\"color:#ffffff;opacity:.6;\"><\/div>\n\t\t\t<\/div>\n\t\t<\/div>\n\t\t<div class=\"col-xl-3 col-lg-4 col-md-6\">\n\t\t\t<div class=\"hizmet_bilgi\">\n\t\t\t\t<div class=\"hizmet_i\" style=\"background-color:#ffffff;\"><i class=\"materialicons-sowm-regular-battery_6_bar\"><\/i><\/div>\n\t\t\t\t<div class=\"hizmet_b\"><a href=\"#\" style=\"color:#ffffff;\">Bilime Adanm\u0131\u015fl\u0131k<\/a><\/div>\n\t\t\t\t<div class=\"hizmet_a\" style=\"color:#ffffff;opacity:.6;\"><\/div>\n\t\t\t<\/div>\n\t\t<\/div>\n\t\t<div class=\"col-xl-3 col-lg-4 col-md-6\">\n\t\t\t<div class=\"hizmet_bilgi\">\n\t\t\t\t<div class=\"hizmet_i\" style=\"background-color:#ffffff;\"><i class=\"materialicons-sowm-regular-badge\"><\/i><\/div>\n\t\t\t\t<div class=\"hizmet_b\"><a href=\"#\" style=\"color:#ffffff;\">Kolektif Geli\u015fim<\/a><\/div>\n\t\t\t\t<div class=\"hizmet_a\" style=\"color:#ffffff;opacity:.6;\"><\/div>\n\t\t\t<\/div>\n\t\t<\/div>\n\t\t<div class=\"col-xl-3 col-lg-4 col-md-6\">\n\t\t\t<div class=\"hizmet_bilgi\">\n\t\t\t\t<div class=\"hizmet_i\" style=\"background-color:#ffffff;\"><i class=\"\"><\/i><\/div>\n\t\t\t\t<div class=\"hizmet_b\"><a href=\"#\" style=\"color:#ffffff;\">Yenilikte Uzmanl\u0131k<\/a><\/div>\n\t\t\t\t<div class=\"hizmet_a\" style=\"color:#ffffff;opacity:.6;\"><\/div>\n\t\t\t<\/div>\n\t\t<\/div>\n\t<\/div>\n<\/div><\/div><\/div><\/div><\/div><\/div><div id=\"pg-14-2\"  class=\"panel-grid panel-no-style\" ><div id=\"pgc-14-2-0\"  class=\"panel-grid-cell\" ><div id=\"panel-14-2-0-0\" class=\"so-panel widget widget_yazilar panel-first-child panel-last-child\" data-index=\"2\" ><div\n\t\t\t\n\t\t\tclass=\"so-widget-yazilar so-widget-yazilar-base\"\n\t\t\t\n\t\t><div class=\"yazilar_widget\">\n\t<div class=\"aligncenter\">\n\t\t<div class=\"subbas\"><\/div>\n\t\t<div class=\"genbas\">Bizden Son Haberler<\/div>\n\t<\/div>\n\t<div class=\"row\">\n<article class=\"wyazi col-lg-4 col-md-6 col-sm-12\" itemscope itemtype=\"http:\/\/schema.org\/Article\">\n\t<div class=\"wyazi_inner\">\n<div class=\"postimg\">\n\t\t<img loading=\"lazy\" decoding=\"async\" width=\"1050\" height=\"701\" src=\"https:\/\/davivailac.com.tr\/wp-content\/uploads\/2025\/11\/3.jpg\" class=\"388x270 wp-post-image\" alt=\"Daviva \u0130la\u00e7, 42. Ulusal Nefroloji Kongresi\u2019nde yerini ald\u0131.\" itemprop=\"image\" srcset=\"https:\/\/davivailac.com.tr\/wp-content\/uploads\/2025\/11\/3.jpg 1050w, https:\/\/davivailac.com.tr\/wp-content\/uploads\/2025\/11\/3-300x200.jpg 300w, https:\/\/davivailac.com.tr\/wp-content\/uploads\/2025\/11\/3-1024x684.jpg 1024w, https:\/\/davivailac.com.tr\/wp-content\/uploads\/2025\/11\/3-768x513.jpg 768w\" sizes=\"auto, (max-width: 1050px) 100vw, 1050px\" \/>\t\t<a href=\"https:\/\/davivailac.com.tr\/index.php\/2026\/02\/17\/daviva-ilac-42-ulusal-nefroloji-kongresinde-yerini-aldi\/\" class=\"overlay-link\"><i class=\"icon-right-thin\"><\/i><\/a>\n<\/div>\n<div class=\"post-wrap\">\n\t<h2 class=\"post-title\" itemprop=\"name\">\n\t\t<a href=\"https:\/\/davivailac.com.tr\/index.php\/2026\/02\/17\/daviva-ilac-42-ulusal-nefroloji-kongresinde-yerini-aldi\/\" rel=\"bookmark\">Daviva \u0130la\u00e7, 42. Ulusal Nefroloji Kongresi\u2019nde yerini ald\u0131.<\/a>\n\t<\/h2>\n\t<div class=\"post-desc\">\n\t\t<p>Daviva \u0130la\u00e7, bu y\u0131l 42.\u2019si d\u00fczenlenen Ulusal Nefroloji Kongresi ve e\u015f zamanl\u0131 ger\u00e7ekle\u015ftirilecek 35.\u2019nci Ulusal Nefroloj...<\/p>\n\t<\/div>\n\t<div class=\"devami button\">\n\t\t<a href=\"https:\/\/davivailac.com.tr\/index.php\/2026\/02\/17\/daviva-ilac-42-ulusal-nefroloji-kongresinde-yerini-aldi\/\" rel=\"bookmark\">Devam\u0131n\u0131 oku <i class=\"icon-right-thin\"><\/i><\/a>\n\t<\/div>\n<\/div>\n\t<\/div>\n<\/article><article class=\"wyazi col-lg-4 col-md-6 col-sm-12\" itemscope itemtype=\"http:\/\/schema.org\/Article\">\n\t<div class=\"wyazi_inner\">\n<div class=\"postimg\">\n\t\t<img loading=\"lazy\" decoding=\"async\" width=\"2560\" height=\"1707\" src=\"https:\/\/davivailac.com.tr\/wp-content\/uploads\/2026\/02\/OME00283-Edit-scaled.jpg\" class=\"388x270 wp-post-image\" alt=\"Dr. Can Hisarl\u0131 Daviva \u0130la\u00e7 Genel M\u00fcd\u00fcr\u00fc olarak g\u00f6reve ba\u015flad\u0131.\" itemprop=\"image\" srcset=\"https:\/\/davivailac.com.tr\/wp-content\/uploads\/2026\/02\/OME00283-Edit-scaled.jpg 2560w, https:\/\/davivailac.com.tr\/wp-content\/uploads\/2026\/02\/OME00283-Edit-300x200.jpg 300w, https:\/\/davivailac.com.tr\/wp-content\/uploads\/2026\/02\/OME00283-Edit-1024x683.jpg 1024w, https:\/\/davivailac.com.tr\/wp-content\/uploads\/2026\/02\/OME00283-Edit-768x512.jpg 768w, https:\/\/davivailac.com.tr\/wp-content\/uploads\/2026\/02\/OME00283-Edit-1536x1024.jpg 1536w, https:\/\/davivailac.com.tr\/wp-content\/uploads\/2026\/02\/OME00283-Edit-2048x1365.jpg 2048w\" sizes=\"auto, (max-width: 2560px) 100vw, 2560px\" \/>\t\t<a href=\"https:\/\/davivailac.com.tr\/index.php\/2026\/02\/17\/dr-can-hisarli-daviva-ilac-genel-muduru-olarak-goreve-basladi-2\/\" class=\"overlay-link\"><i class=\"icon-right-thin\"><\/i><\/a>\n<\/div>\n<div class=\"post-wrap\">\n\t<h2 class=\"post-title\" itemprop=\"name\">\n\t\t<a href=\"https:\/\/davivailac.com.tr\/index.php\/2026\/02\/17\/dr-can-hisarli-daviva-ilac-genel-muduru-olarak-goreve-basladi-2\/\" rel=\"bookmark\">Dr. Can Hisarl\u0131 Daviva \u0130la\u00e7 Genel M\u00fcd\u00fcr\u00fc olarak g\u00f6reve ba\u015flad\u0131.<\/a>\n\t<\/h2>\n\t<div class=\"post-desc\">\n\t\t<p>Daviva Sa\u011fl\u0131k Grubu\u2019nun ila\u00e7 sekt\u00f6r\u00fcndeki markas\u0131 Daviva \u0130la\u00e7\u2019ta \u00fcst d\u00fczey bir atama ger\u00e7ekle\u015fti. \u0130la\u00e7 sekt\u00f6r\u00fcnde uzun y...<\/p>\n\t<\/div>\n\t<div class=\"devami button\">\n\t\t<a href=\"https:\/\/davivailac.com.tr\/index.php\/2026\/02\/17\/dr-can-hisarli-daviva-ilac-genel-muduru-olarak-goreve-basladi-2\/\" rel=\"bookmark\">Devam\u0131n\u0131 oku <i class=\"icon-right-thin\"><\/i><\/a>\n\t<\/div>\n<\/div>\n\t<\/div>\n<\/article><article class=\"wyazi col-lg-4 col-md-6 col-sm-12\" itemscope itemtype=\"http:\/\/schema.org\/Article\">\n\t<div class=\"wyazi_inner\">\n<div class=\"postimg\">\n\t\t<img loading=\"lazy\" decoding=\"async\" width=\"1050\" height=\"701\" src=\"https:\/\/davivailac.com.tr\/wp-content\/uploads\/2025\/11\/1.jpg\" class=\"388x270 wp-post-image\" alt=\"Daviva \u0130la\u00e7, T\u00fcrkiye \u0130la\u00e7 Sanayi Derne\u011fi \u00dcyeleri aras\u0131na kat\u0131ld\u0131\" itemprop=\"image\" srcset=\"https:\/\/davivailac.com.tr\/wp-content\/uploads\/2025\/11\/1.jpg 1050w, https:\/\/davivailac.com.tr\/wp-content\/uploads\/2025\/11\/1-300x200.jpg 300w, https:\/\/davivailac.com.tr\/wp-content\/uploads\/2025\/11\/1-1024x684.jpg 1024w, https:\/\/davivailac.com.tr\/wp-content\/uploads\/2025\/11\/1-768x513.jpg 768w\" sizes=\"auto, (max-width: 1050px) 100vw, 1050px\" \/>\t\t<a href=\"https:\/\/davivailac.com.tr\/index.php\/2025\/11\/05\/haberler-2\/\" class=\"overlay-link\"><i class=\"icon-right-thin\"><\/i><\/a>\n<\/div>\n<div class=\"post-wrap\">\n\t<h2 class=\"post-title\" itemprop=\"name\">\n\t\t<a href=\"https:\/\/davivailac.com.tr\/index.php\/2025\/11\/05\/haberler-2\/\" rel=\"bookmark\">Daviva \u0130la\u00e7, T\u00fcrkiye \u0130la\u00e7 Sanayi Derne\u011fi \u00dcyeleri aras\u0131na kat\u0131ld\u0131<\/a>\n\t<\/h2>\n\t<div class=\"post-desc\">\n\t\t<p>\t\t\tDaviva \u0130la\u00e7, ila\u00e7 sekt\u00f6r\u00fcn\u00fcn k\u00f6kl\u00fc ve temsil g\u00fcc\u00fc y\u00fcksek sivil toplum kurulu\u015fu olan T\u00fcrkiye \u0130la\u00e7 Sanayi Derne\u011fi (T\u0130SD...<\/p>\n\t<\/div>\n\t<div class=\"devami button\">\n\t\t<a href=\"https:\/\/davivailac.com.tr\/index.php\/2025\/11\/05\/haberler-2\/\" rel=\"bookmark\">Devam\u0131n\u0131 oku <i class=\"icon-right-thin\"><\/i><\/a>\n\t<\/div>\n<\/div>\n\t<\/div>\n<\/article>\t<\/div>\n<\/div><\/div><\/div><\/div><\/div><div id=\"pg-14-3\"  class=\"panel-grid panel-no-style\" ><div id=\"pgc-14-3-0\"  class=\"panel-grid-cell\" ><div id=\"panel-14-3-0-0\" class=\"so-panel widget widget_text panel-first-child panel-last-child\" data-index=\"3\" ><div class=\"pb_title\"><span class=\"widget_h2\">Hakk\u0131m\u0131zda<\/span><\/div>\t\t\t<div class=\"textwidget\"><div class=\"genbas\"><strong>Daviva \u0130la\u00e7, 2025 y\u0131l\u0131nda ila\u00e7 sekt\u00f6r\u00fcndeki yolculu\u011funa ba\u015flad\u0131.<\/strong><\/div>\n<div class=\"hak_text\">\n<p>T\u00fcrkiye\u2019nin d\u00f6rt bir yan\u0131nda sundu\u011fu diyaliz hizmetleriyle ulusal ve uluslararas\u0131 \u00f6l\u00e7ekte tan\u0131nan Daviva, sa\u011fl\u0131kta b\u00fct\u00fcnc\u00fcl yakla\u015f\u0131m\u0131n\u0131 tamamlamak amac\u0131yla, ila\u00e7 alan\u0131nda da kal\u0131c\u0131 bir de\u011fer yaratmay\u0131 hedefliyor.<\/p>\n<p>\u0130lk a\u015famada nefroloji alan\u0131nda pazara sundu\u011fu \u00fcr\u00fcnlerle \u00fclkemizdeki tedavi olanaklar\u0131n\u0131 g\u00fc\u00e7lendiren Daviva \u0130la\u00e7, insan odakl\u0131l\u0131k ve \u201cher bireyin kaliteli ya\u015fam hakk\u0131 vard\u0131r\u201d anlay\u0131\u015f\u0131n\u0131 temel al\u0131yor.<\/p>\n<p><em><strong><a href=\"https:\/\/davivailac.com.tr\/index.php\/hakkimizda\/\" rel=\"bookmark\">Devam\u0131n\u0131 oku<\/a><a href=\"https:\/\/davivailac.com.tr\/index.php\/hakkimizda\/\">&#8230;<\/a><\/strong><\/em><\/p>\n<\/div>\n<\/div>\n\t\t<\/div><\/div><div id=\"pgc-14-3-1\"  class=\"panel-grid-cell\" ><div id=\"panel-14-3-1-0\" class=\"so-panel widget widget_media_image panel-first-child panel-last-child\" data-index=\"4\" ><img loading=\"lazy\" decoding=\"async\" width=\"714\" height=\"583\" src=\"https:\/\/davivailac.com.tr\/wp-content\/uploads\/2025\/11\/hahh.jpg\" class=\"image wp-image-202  attachment-full size-full\" alt=\"\" style=\"max-width: 100%; height: auto;\" srcset=\"https:\/\/davivailac.com.tr\/wp-content\/uploads\/2025\/11\/hahh.jpg 714w, https:\/\/davivailac.com.tr\/wp-content\/uploads\/2025\/11\/hahh-300x245.jpg 300w\" sizes=\"auto, (max-width: 714px) 100vw, 714px\" \/><\/div><\/div><\/div><\/div>","protected":false},"excerpt":{"rendered":"<p>Daviva \u0130la\u00e7, ila\u00e7 sekt\u00f6r\u00fcn\u00fcn k\u00f6kl\u00fc ve temsil g\u00fcc\u00fc y\u00fcksek sivil toplum kurulu\u015fu olan T\u00fcrkiye \u0130la\u00e7 Sanayi Derne\u011fi (T\u0130SD) \u00fcyeleri aras\u0131na kat\u0131ld\u0131. Daviva \u0130la\u00e7\u2019\u0131n T\u0130SD \u00fcyeli\u011fi, \u015firketin kalite, etik ve s\u00fcrd\u00fcr\u00fclebilirlik odakl\u0131 anlay\u0131\u015f\u0131n\u0131 sekt\u00f6rel d\u00fczeyde daha g\u00fc\u00e7l\u00fc bi\u00e7imde temsil etmesini sa\u011flayacak \u00f6nemli bir ad\u0131m olarak hayata ge\u00e7irildi. Daviva \u015eirketler Grubu \u00e7at\u0131s\u0131 alt\u0131nda, nefroloji alan\u0131ndaki tedavi \u00e7\u00f6z\u00fcmlerine..<\/p>\n","protected":false},"author":1,"featured_media":0,"parent":0,"menu_order":0,"comment_status":"closed","ping_status":"closed","template":"page-sayfaolusturucu.php","meta":{"footnotes":""},"class_list":["post-14","page","type-page","status-publish","hentry"],"_links":{"self":[{"href":"https:\/\/davivailac.com.tr\/index.php\/wp-json\/wp\/v2\/pages\/14","targetHints":{"allow":["GET"]}}],"collection":[{"href":"https:\/\/davivailac.com.tr\/index.php\/wp-json\/wp\/v2\/pages"}],"about":[{"href":"https:\/\/davivailac.com.tr\/index.php\/wp-json\/wp\/v2\/types\/page"}],"author":[{"embeddable":true,"href":"https:\/\/davivailac.com.tr\/index.php\/wp-json\/wp\/v2\/users\/1"}],"replies":[{"embeddable":true,"href":"https:\/\/davivailac.com.tr\/index.php\/wp-json\/wp\/v2\/comments?post=14"}],"version-history":[{"count":101,"href":"https:\/\/davivailac.com.tr\/index.php\/wp-json\/wp\/v2\/pages\/14\/revisions"}],"predecessor-version":[{"id":518,"href":"https:\/\/davivailac.com.tr\/index.php\/wp-json\/wp\/v2\/pages\/14\/revisions\/518"}],"wp:attachment":[{"href":"https:\/\/davivailac.com.tr\/index.php\/wp-json\/wp\/v2\/media?parent=14"}],"curies":[{"name":"wp","href":"https:\/\/api.w.org\/{rel}","templated":true}]}}