{"id":271,"date":"2025-11-07T08:20:35","date_gmt":"2025-11-07T08:20:35","guid":{"rendered":"https:\/\/davivailac.com.tr\/?page_id=271"},"modified":"2026-02-09T13:07:27","modified_gmt":"2026-02-09T13:07:27","slug":"cozumlerimiz","status":"publish","type":"page","link":"https:\/\/davivailac.com.tr\/index.php\/cozumlerimiz\/","title":{"rendered":"TEDAV\u0130 ALANLARIMIZ"},"content":{"rendered":"<div id=\"pl-271\"  class=\"panel-layout\" ><div id=\"pg-271-0\"  class=\"panel-grid panel-no-style\" ><div id=\"pgc-271-0-0\"  class=\"panel-grid-cell\" ><div id=\"panel-271-0-0-0\" class=\"so-panel widget widget_media_image panel-first-child panel-last-child\" data-index=\"0\" ><img loading=\"lazy\" decoding=\"async\" width=\"1024\" height=\"684\" src=\"https:\/\/davivailac.com.tr\/wp-content\/uploads\/2024\/01\/Cozumlerimiz-1024x684.jpg\" class=\"image wp-image-266  attachment-large size-large\" alt=\"\" style=\"max-width: 100%; height: auto;\" srcset=\"https:\/\/davivailac.com.tr\/wp-content\/uploads\/2024\/01\/Cozumlerimiz-1024x684.jpg 1024w, https:\/\/davivailac.com.tr\/wp-content\/uploads\/2024\/01\/Cozumlerimiz-300x200.jpg 300w, https:\/\/davivailac.com.tr\/wp-content\/uploads\/2024\/01\/Cozumlerimiz-768x513.jpg 768w, https:\/\/davivailac.com.tr\/wp-content\/uploads\/2024\/01\/Cozumlerimiz-1536x1025.jpg 1536w, https:\/\/davivailac.com.tr\/wp-content\/uploads\/2024\/01\/Cozumlerimiz-2048x1367.jpg 2048w\" sizes=\"auto, (max-width: 1024px) 100vw, 1024px\" \/><\/div><\/div><div id=\"pgc-271-0-1\"  class=\"panel-grid-cell\" ><div id=\"panel-271-0-1-0\" class=\"so-panel widget widget_text panel-first-child panel-last-child\" data-index=\"1\" ><div class=\"pb_title\"><span class=\"widget_h2\">Nefroloji \u00c7\u00f6z\u00fcmlerimiz<\/span><\/div>\t\t\t<div class=\"textwidget\"><p>Daviva \u0130la\u00e7, nefroloji alan\u0131nda yenilik\u00e7i ve g\u00fcvenilir \u00e7\u00f6z\u00fcmler geli\u015ftirmeye odaklan\u0131r. Kronik b\u00f6brek hastal\u0131klar\u0131n\u0131n y\u00f6netimi, diyaliz destek tedavileri, elektrolit dengesi ve komplikasyon kontrol\u00fc gibi kritik alanlarda geli\u015ftirdi\u011fi \u00fcr\u00fcnlerle, hastalar\u0131n ya\u015fam kalitesini art\u0131rmay\u0131 ve tedavi s\u00fcre\u00e7lerini desteklemeyi hedefler.<\/p>\n<p>Daviva \u0130la\u00e7\u2019\u0131n nefroloji portf\u00f6y\u00fc, sadece klinik etkinli\u011fiyle de\u011fil; hasta g\u00fcvenli\u011fi, kalite g\u00fcvencesi ve bilimsel do\u011fruluk ilkeleriyle de \u00f6ne \u00e7\u0131kar. Her bir \u00fcr\u00fcn, ulusal ve uluslararas\u0131 standartlara uygun olarak geli\u015ftirilir ve sa\u011fl\u0131k profesyonellerine g\u00fcvenilir bir tedavi deste\u011fi sunar.<\/p>\n<p>B\u00f6brek sa\u011fl\u0131\u011f\u0131n\u0131 korumay\u0131, komplikasyonlar\u0131 azaltmay\u0131 ve uzun d\u00f6nem hasta takibini desteklemeyi ama\u00e7layan \u00e7\u00f6z\u00fcmlerimiz, Daviva\u2019n\u0131n insan odakl\u0131 yakla\u015f\u0131m\u0131n\u0131n bir yans\u0131mas\u0131d\u0131r. \u00c7\u00fcnk\u00fc biz biliyoruz ki, kaliteli ya\u015fam\u0131n temeli sa\u011fl\u0131kl\u0131 b\u00f6breklerden ba\u015flar.<\/p>\n<\/div>\n\t\t<\/div><\/div><\/div><\/div>","protected":false},"excerpt":{"rendered":"<p>Daviva \u0130la\u00e7, nefroloji alan\u0131nda yenilik\u00e7i ve g\u00fcvenilir \u00e7\u00f6z\u00fcmler geli\u015ftirmeye odaklan\u0131r. Kronik b\u00f6brek hastal\u0131klar\u0131n\u0131n y\u00f6netimi, diyaliz destek tedavileri, elektrolit dengesi ve komplikasyon kontrol\u00fc gibi kritik alanlarda geli\u015ftirdi\u011fi \u00fcr\u00fcnlerle, hastalar\u0131n ya\u015fam kalitesini art\u0131rmay\u0131 ve tedavi s\u00fcre\u00e7lerini desteklemeyi hedefler. Daviva \u0130la\u00e7\u2019\u0131n nefroloji portf\u00f6y\u00fc, sadece klinik etkinli\u011fiyle de\u011fil; hasta g\u00fcvenli\u011fi, kalite g\u00fcvencesi ve bilimsel do\u011fruluk ilkeleriyle de \u00f6ne \u00e7\u0131kar&#8230;<\/p>\n","protected":false},"author":1,"featured_media":0,"parent":0,"menu_order":0,"comment_status":"closed","ping_status":"closed","template":"","meta":{"footnotes":""},"class_list":["post-271","page","type-page","status-publish","hentry"],"_links":{"self":[{"href":"https:\/\/davivailac.com.tr\/index.php\/wp-json\/wp\/v2\/pages\/271","targetHints":{"allow":["GET"]}}],"collection":[{"href":"https:\/\/davivailac.com.tr\/index.php\/wp-json\/wp\/v2\/pages"}],"about":[{"href":"https:\/\/davivailac.com.tr\/index.php\/wp-json\/wp\/v2\/types\/page"}],"author":[{"embeddable":true,"href":"https:\/\/davivailac.com.tr\/index.php\/wp-json\/wp\/v2\/users\/1"}],"replies":[{"embeddable":true,"href":"https:\/\/davivailac.com.tr\/index.php\/wp-json\/wp\/v2\/comments?post=271"}],"version-history":[{"count":3,"href":"https:\/\/davivailac.com.tr\/index.php\/wp-json\/wp\/v2\/pages\/271\/revisions"}],"predecessor-version":[{"id":381,"href":"https:\/\/davivailac.com.tr\/index.php\/wp-json\/wp\/v2\/pages\/271\/revisions\/381"}],"wp:attachment":[{"href":"https:\/\/davivailac.com.tr\/index.php\/wp-json\/wp\/v2\/media?parent=271"}],"curies":[{"name":"wp","href":"https:\/\/api.w.org\/{rel}","templated":true}]}}