{"id":395,"date":"2026-02-11T08:56:03","date_gmt":"2026-02-11T08:56:03","guid":{"rendered":"https:\/\/davivailac.com.tr\/?page_id=395"},"modified":"2026-03-12T11:16:26","modified_gmt":"2026-03-12T11:16:26","slug":"urunlerimiz","status":"publish","type":"page","link":"https:\/\/davivailac.com.tr\/index.php\/urunlerimiz\/","title":{"rendered":"\u00dcR\u00dcNLER\u0130M\u0130Z"},"content":{"rendered":"<div id=\"pl-395\"  class=\"panel-layout\" ><div id=\"pg-395-0\"  class=\"panel-grid panel-no-style\" ><div id=\"pgc-395-0-0\"  class=\"panel-grid-cell\" ><div class=\"panel-cell-style panel-cell-style-for-395-0-0\" ><div id=\"panel-395-0-0-0\" class=\"so-panel widget widget_media_image panel-first-child\" data-index=\"0\" ><img loading=\"lazy\" decoding=\"async\" width=\"300\" height=\"48\" src=\"https:\/\/davivailac.com.tr\/wp-content\/uploads\/2026\/02\/Calcitron_1mcg-300x48.jpg\" class=\"image wp-image-449  attachment-medium size-medium\" alt=\"\" style=\"max-width: 100%; height: auto;\" srcset=\"https:\/\/davivailac.com.tr\/wp-content\/uploads\/2026\/02\/Calcitron_1mcg-300x48.jpg 300w, https:\/\/davivailac.com.tr\/wp-content\/uploads\/2026\/02\/Calcitron_1mcg-1024x165.jpg 1024w, https:\/\/davivailac.com.tr\/wp-content\/uploads\/2026\/02\/Calcitron_1mcg-768x124.jpg 768w, https:\/\/davivailac.com.tr\/wp-content\/uploads\/2026\/02\/Calcitron_1mcg-1536x248.jpg 1536w, https:\/\/davivailac.com.tr\/wp-content\/uploads\/2026\/02\/Calcitron_1mcg.jpg 1772w\" sizes=\"auto, (max-width: 300px) 100vw, 300px\" \/><\/div><div id=\"panel-395-0-0-1\" class=\"so-panel widget widget_media_image\" data-index=\"1\" ><div class=\"panel-widget-style panel-widget-style-for-395-0-0-1\" ><img loading=\"lazy\" decoding=\"async\" width=\"300\" height=\"270\" src=\"https:\/\/davivailac.com.tr\/wp-content\/uploads\/2026\/03\/1-300x270.png\" class=\"image wp-image-524  attachment-medium size-medium\" alt=\"\" style=\"max-width: 100%; height: auto;\" srcset=\"https:\/\/davivailac.com.tr\/wp-content\/uploads\/2026\/03\/1-300x270.png 300w, https:\/\/davivailac.com.tr\/wp-content\/uploads\/2026\/03\/1-1024x921.png 1024w, https:\/\/davivailac.com.tr\/wp-content\/uploads\/2026\/03\/1-768x691.png 768w, https:\/\/davivailac.com.tr\/wp-content\/uploads\/2026\/03\/1.png 1246w\" sizes=\"auto, (max-width: 300px) 100vw, 300px\" \/><\/div><\/div><div id=\"panel-395-0-0-2\" class=\"so-panel widget widget_text panel-last-child\" data-index=\"2\" >\t\t\t<div class=\"textwidget\"><div class=\"urun-akordiyon\"><input id=\"urun1\" class=\"urun-tetikleyici\" type=\"checkbox\" \/><br \/>\n<label class=\"urun-baslik-etiket\" for=\"urun1\">\u27a0<a href=\"https:\/\/davivailac.com.tr\/urunler\/KT-Calcitron1mcg-Daviva.pdf\" target=\"_blank\" rel=\"noopener\">Kullan\u0131m Talimat\u0131 \u0130\u00e7in T\u0131klay\u0131n\u0131z<\/a><\/label><\/div>\n<div class=\"urun-akordiyon\"><input id=\"urun1\" class=\"urun-tetikleyici\" type=\"checkbox\" \/><br \/>\n<label class=\"urun-baslik-etiket\" for=\"urun1\">\u27a0<a href=\"https:\/\/davivailac.com.tr\/urunler\/K%C3%9CB-Calcitron1mcg-Daviva.pdf\" target=\"_blank\" rel=\"noopener\">K\u0131sa \u00dcr\u00fcn Bilgisi \u0130\u00e7in T\u0131klay\u0131n\u0131z<\/a><\/label><\/div>\n<div class=\"urun-detay-icerik\"><\/div>\n<div><\/div>\n<\/div>\n\t\t<\/div><\/div><\/div><div id=\"pgc-395-0-1\"  class=\"panel-grid-cell\" ><div class=\"panel-cell-style panel-cell-style-for-395-0-1\" ><div id=\"panel-395-0-1-0\" class=\"so-panel widget widget_media_image panel-first-child\" data-index=\"3\" ><img loading=\"lazy\" decoding=\"async\" width=\"300\" height=\"48\" src=\"https:\/\/davivailac.com.tr\/wp-content\/uploads\/2026\/02\/Calcitron_2mcg-300x48.jpg\" class=\"image wp-image-450  attachment-medium size-medium\" alt=\"\" style=\"max-width: 100%; height: auto;\" srcset=\"https:\/\/davivailac.com.tr\/wp-content\/uploads\/2026\/02\/Calcitron_2mcg-300x48.jpg 300w, https:\/\/davivailac.com.tr\/wp-content\/uploads\/2026\/02\/Calcitron_2mcg-1024x165.jpg 1024w, https:\/\/davivailac.com.tr\/wp-content\/uploads\/2026\/02\/Calcitron_2mcg-768x124.jpg 768w, https:\/\/davivailac.com.tr\/wp-content\/uploads\/2026\/02\/Calcitron_2mcg-1536x248.jpg 1536w, https:\/\/davivailac.com.tr\/wp-content\/uploads\/2026\/02\/Calcitron_2mcg.jpg 1772w\" sizes=\"auto, (max-width: 300px) 100vw, 300px\" \/><\/div><div id=\"panel-395-0-1-1\" class=\"so-panel widget widget_media_image\" data-index=\"4\" ><img loading=\"lazy\" decoding=\"async\" width=\"300\" height=\"266\" src=\"https:\/\/davivailac.com.tr\/wp-content\/uploads\/2026\/03\/2-300x266.png\" class=\"image wp-image-526  attachment-medium size-medium\" alt=\"\" style=\"max-width: 100%; height: auto;\" srcset=\"https:\/\/davivailac.com.tr\/wp-content\/uploads\/2026\/03\/2-300x266.png 300w, https:\/\/davivailac.com.tr\/wp-content\/uploads\/2026\/03\/2-1024x907.png 1024w, https:\/\/davivailac.com.tr\/wp-content\/uploads\/2026\/03\/2-768x680.png 768w, https:\/\/davivailac.com.tr\/wp-content\/uploads\/2026\/03\/2-1536x1360.png 1536w, https:\/\/davivailac.com.tr\/wp-content\/uploads\/2026\/03\/2-2048x1814.png 2048w\" sizes=\"auto, (max-width: 300px) 100vw, 300px\" \/><\/div><div id=\"panel-395-0-1-2\" class=\"so-panel widget widget_text panel-last-child\" data-index=\"5\" >\t\t\t<div class=\"textwidget\"><div class=\"urun-akordiyon\"><input id=\"urun1\" class=\"urun-tetikleyici\" type=\"checkbox\" \/><br \/>\n<label class=\"urun-baslik-etiket\" for=\"urun1\">\u27a0<a href=\"https:\/\/davivailac.com.tr\/urunler\/KT-Calcitron2mcg-Daviva.pdf\" target=\"_blank\" rel=\"noopener\">Kullan\u0131m Talimat\u0131 \u0130\u00e7in T\u0131klay\u0131n\u0131z<\/a><\/label><\/div>\n<div class=\"urun-akordiyon\"><input id=\"urun1\" class=\"urun-tetikleyici\" type=\"checkbox\" \/><br \/>\n<label class=\"urun-baslik-etiket\" for=\"urun1\">\u27a0<a href=\"https:\/\/davivailac.com.tr\/urunler\/K%C3%9CB-Calcitron2mcg-Daviva.pdf\" target=\"_blank\" rel=\"noopener\">K\u0131sa \u00dcr\u00fcn Bilgisi \u0130\u00e7in T\u0131klay\u0131n\u0131z<\/a><\/label><\/div>\n<div class=\"urun-detay-icerik\"><\/div>\n<div><\/div>\n<\/div>\n\t\t<\/div><\/div><\/div><div id=\"pgc-395-0-2\"  class=\"panel-grid-cell\" ><div class=\"panel-cell-style panel-cell-style-for-395-0-2\" ><div id=\"panel-395-0-2-0\" class=\"so-panel widget widget_media_image panel-first-child\" data-index=\"6\" ><img loading=\"lazy\" decoding=\"async\" width=\"300\" height=\"40\" src=\"https:\/\/davivailac.com.tr\/wp-content\/uploads\/2026\/02\/Ferrosel_100mg-300x40.jpg\" class=\"image wp-image-451  attachment-medium size-medium\" alt=\"\" style=\"max-width: 100%; height: auto;\" srcset=\"https:\/\/davivailac.com.tr\/wp-content\/uploads\/2026\/02\/Ferrosel_100mg-300x40.jpg 300w, https:\/\/davivailac.com.tr\/wp-content\/uploads\/2026\/02\/Ferrosel_100mg-1024x136.jpg 1024w, https:\/\/davivailac.com.tr\/wp-content\/uploads\/2026\/02\/Ferrosel_100mg-768x102.jpg 768w, https:\/\/davivailac.com.tr\/wp-content\/uploads\/2026\/02\/Ferrosel_100mg-1536x204.jpg 1536w, https:\/\/davivailac.com.tr\/wp-content\/uploads\/2026\/02\/Ferrosel_100mg-2048x272.jpg 2048w\" sizes=\"auto, (max-width: 300px) 100vw, 300px\" \/><\/div><div id=\"panel-395-0-2-1\" class=\"so-panel widget widget_media_image\" data-index=\"7\" ><img loading=\"lazy\" decoding=\"async\" width=\"300\" height=\"270\" src=\"https:\/\/davivailac.com.tr\/wp-content\/uploads\/2026\/03\/8-300x270.png\" class=\"image wp-image-532  attachment-medium size-medium\" alt=\"\" style=\"max-width: 100%; height: auto;\" srcset=\"https:\/\/davivailac.com.tr\/wp-content\/uploads\/2026\/03\/8-300x270.png 300w, https:\/\/davivailac.com.tr\/wp-content\/uploads\/2026\/03\/8-1024x922.png 1024w, https:\/\/davivailac.com.tr\/wp-content\/uploads\/2026\/03\/8-768x691.png 768w, https:\/\/davivailac.com.tr\/wp-content\/uploads\/2026\/03\/8-1536x1383.png 1536w, https:\/\/davivailac.com.tr\/wp-content\/uploads\/2026\/03\/8-2048x1844.png 2048w\" sizes=\"auto, (max-width: 300px) 100vw, 300px\" \/><\/div><div id=\"panel-395-0-2-2\" class=\"so-panel widget widget_text panel-last-child\" data-index=\"8\" >\t\t\t<div class=\"textwidget\"><div class=\"urun-akordiyon\"><input id=\"urun1\" class=\"urun-tetikleyici\" type=\"checkbox\" \/><br \/>\n<label class=\"urun-baslik-etiket\" for=\"urun1\">\u27a0<a href=\"https:\/\/davivailac.com.tr\/urunler\/KT-Ferrosel-Daviva.pdf\" target=\"_blank\" rel=\"noopener\">Kullan\u0131m Talimat\u0131 \u0130\u00e7in T\u0131klay\u0131n\u0131z<\/a><\/label><\/div>\n<div class=\"urun-akordiyon\"><input id=\"urun1\" class=\"urun-tetikleyici\" type=\"checkbox\" \/><br \/>\n<label class=\"urun-baslik-etiket\" for=\"urun1\">\u27a0<a href=\"https:\/\/davivailac.com.tr\/urunler\/K%C3%9CB-Ferrosel-Daviva.pdf\" target=\"_blank\" rel=\"noopener\">K\u0131sa \u00dcr\u00fcn Bilgisi \u0130\u00e7in T\u0131klay\u0131n\u0131z<\/a><\/label><\/div>\n<div class=\"urun-detay-icerik\"><\/div>\n<div><\/div>\n<\/div>\n\t\t<\/div><\/div><\/div><\/div><div id=\"pg-395-1\"  class=\"panel-grid panel-has-style\" ><div class=\"panel-row-style panel-row-style-for-395-1\" ><div id=\"pgc-395-1-0\"  class=\"panel-grid-cell panel-grid-cell-empty\" ><\/div><\/div><\/div><div id=\"pg-395-2\"  class=\"panel-grid panel-no-style\" ><div id=\"pgc-395-2-0\"  class=\"panel-grid-cell\" ><div class=\"panel-cell-style panel-cell-style-for-395-2-0\" ><div id=\"panel-395-2-0-0\" class=\"so-panel widget widget_media_image panel-first-child\" data-index=\"9\" ><img loading=\"lazy\" decoding=\"async\" width=\"300\" height=\"48\" src=\"https:\/\/davivailac.com.tr\/wp-content\/uploads\/2026\/02\/Paricaver_5mcg-300x48.jpg\" class=\"image wp-image-452  attachment-medium size-medium\" alt=\"\" style=\"max-width: 100%; height: auto;\" srcset=\"https:\/\/davivailac.com.tr\/wp-content\/uploads\/2026\/02\/Paricaver_5mcg-300x48.jpg 300w, https:\/\/davivailac.com.tr\/wp-content\/uploads\/2026\/02\/Paricaver_5mcg-1024x164.jpg 1024w, https:\/\/davivailac.com.tr\/wp-content\/uploads\/2026\/02\/Paricaver_5mcg-768x123.jpg 768w, https:\/\/davivailac.com.tr\/wp-content\/uploads\/2026\/02\/Paricaver_5mcg-1536x246.jpg 1536w, https:\/\/davivailac.com.tr\/wp-content\/uploads\/2026\/02\/Paricaver_5mcg-2048x328.jpg 2048w\" sizes=\"auto, (max-width: 300px) 100vw, 300px\" \/><\/div><div id=\"panel-395-2-0-1\" class=\"so-panel widget widget_media_image\" data-index=\"10\" ><div class=\"panel-widget-style panel-widget-style-for-395-2-0-1\" ><img loading=\"lazy\" decoding=\"async\" width=\"300\" height=\"263\" src=\"https:\/\/davivailac.com.tr\/wp-content\/uploads\/2026\/03\/6-300x263.png\" class=\"image wp-image-535  attachment-medium size-medium\" alt=\"\" style=\"max-width: 100%; height: auto;\" srcset=\"https:\/\/davivailac.com.tr\/wp-content\/uploads\/2026\/03\/6-300x263.png 300w, https:\/\/davivailac.com.tr\/wp-content\/uploads\/2026\/03\/6-1024x898.png 1024w, https:\/\/davivailac.com.tr\/wp-content\/uploads\/2026\/03\/6-768x674.png 768w, https:\/\/davivailac.com.tr\/wp-content\/uploads\/2026\/03\/6-1536x1347.png 1536w, https:\/\/davivailac.com.tr\/wp-content\/uploads\/2026\/03\/6-2048x1797.png 2048w\" sizes=\"auto, (max-width: 300px) 100vw, 300px\" \/><\/div><\/div><div id=\"panel-395-2-0-2\" class=\"so-panel widget widget_text panel-last-child\" data-index=\"11\" >\t\t\t<div class=\"textwidget\"><div class=\"urun-akordiyon\"><input id=\"urun1\" class=\"urun-tetikleyici\" type=\"checkbox\" \/><br \/>\n<label class=\"urun-baslik-etiket\" for=\"urun1\">\u27a0<a href=\"https:\/\/davivailac.com.tr\/urunler\/KT-Paricaver-5%20mcg-Daviva.pdf\" target=\"_blank\" rel=\"noopener\">Kullan\u0131m Talimat\u0131 \u0130\u00e7in T\u0131klay\u0131n\u0131z<\/a><\/label><\/div>\n<div class=\"urun-akordiyon\"><input id=\"urun1\" class=\"urun-tetikleyici\" type=\"checkbox\" \/><br \/>\n<label class=\"urun-baslik-etiket\" for=\"urun1\">\u27a0<a href=\"https:\/\/davivailac.com.tr\/urunler\/K%C3%9CB-Paricaver-5%20mcg-Daviva.pdf\" target=\"_blank\" rel=\"noopener\">K\u0131sa \u00dcr\u00fcn Bilgisi \u0130\u00e7in T\u0131klay\u0131n\u0131z<\/a><\/label><\/div>\n<div class=\"urun-detay-icerik\"><\/div>\n<div><\/div>\n<\/div>\n\t\t<\/div><\/div><\/div><div id=\"pgc-395-2-1\"  class=\"panel-grid-cell panel-grid-cell-mobile-last\" ><div class=\"panel-cell-style panel-cell-style-for-395-2-1\" ><div id=\"panel-395-2-1-0\" class=\"so-panel widget widget_media_image panel-first-child\" data-index=\"12\" ><img loading=\"lazy\" decoding=\"async\" width=\"300\" height=\"48\" src=\"https:\/\/davivailac.com.tr\/wp-content\/uploads\/2026\/02\/Paricaver_10mcg-300x48.jpg\" class=\"image wp-image-453  attachment-medium size-medium\" alt=\"\" style=\"max-width: 100%; height: auto;\" srcset=\"https:\/\/davivailac.com.tr\/wp-content\/uploads\/2026\/02\/Paricaver_10mcg-300x48.jpg 300w, https:\/\/davivailac.com.tr\/wp-content\/uploads\/2026\/02\/Paricaver_10mcg-1024x164.jpg 1024w, https:\/\/davivailac.com.tr\/wp-content\/uploads\/2026\/02\/Paricaver_10mcg-768x123.jpg 768w, https:\/\/davivailac.com.tr\/wp-content\/uploads\/2026\/02\/Paricaver_10mcg-1536x246.jpg 1536w, https:\/\/davivailac.com.tr\/wp-content\/uploads\/2026\/02\/Paricaver_10mcg-2048x328.jpg 2048w\" sizes=\"auto, (max-width: 300px) 100vw, 300px\" \/><\/div><div id=\"panel-395-2-1-1\" class=\"so-panel widget widget_media_image\" data-index=\"13\" ><div class=\"panel-widget-style panel-widget-style-for-395-2-1-1\" ><img loading=\"lazy\" decoding=\"async\" width=\"300\" height=\"272\" src=\"https:\/\/davivailac.com.tr\/wp-content\/uploads\/2026\/03\/4-300x272.png\" class=\"image wp-image-534  attachment-medium size-medium\" alt=\"\" style=\"max-width: 100%; height: auto;\" srcset=\"https:\/\/davivailac.com.tr\/wp-content\/uploads\/2026\/03\/4-300x272.png 300w, https:\/\/davivailac.com.tr\/wp-content\/uploads\/2026\/03\/4-1024x927.png 1024w, https:\/\/davivailac.com.tr\/wp-content\/uploads\/2026\/03\/4-768x696.png 768w, https:\/\/davivailac.com.tr\/wp-content\/uploads\/2026\/03\/4-1536x1391.png 1536w, https:\/\/davivailac.com.tr\/wp-content\/uploads\/2026\/03\/4-2048x1855.png 2048w\" sizes=\"auto, (max-width: 300px) 100vw, 300px\" \/><\/div><\/div><div id=\"panel-395-2-1-2\" class=\"so-panel widget widget_text panel-last-child\" data-index=\"14\" >\t\t\t<div class=\"textwidget\"><div class=\"urun-akordiyon\"><input id=\"urun1\" class=\"urun-tetikleyici\" type=\"checkbox\" \/><br \/>\n<label class=\"urun-baslik-etiket\" for=\"urun1\">\u27a0<a href=\"https:\/\/davivailac.com.tr\/urunler\/KT-Paricaver-10%20mcg-Daviva.pdf\" target=\"_blank\" rel=\"noopener\">Kullan\u0131m Talimat\u0131 \u0130\u00e7in T\u0131klay\u0131n\u0131z<\/a><\/label><\/div>\n<div class=\"urun-akordiyon\"><input id=\"urun1\" class=\"urun-tetikleyici\" type=\"checkbox\" \/><br \/>\n<label class=\"urun-baslik-etiket\" for=\"urun1\">\u27a0<a href=\"https:\/\/davivailac.com.tr\/urunler\/K%C3%9CB-Paricaver-10%20mcg-Daviva.pdf\" target=\"_blank\" rel=\"noopener\">K\u0131sa \u00dcr\u00fcn Bilgisi \u0130\u00e7in T\u0131klay\u0131n\u0131z<\/a><\/label><\/div>\n<div class=\"urun-detay-icerik\"><\/div>\n<div><\/div>\n<\/div>\n\t\t<\/div><\/div><\/div><div id=\"pgc-395-2-2\"  class=\"panel-grid-cell panel-grid-cell-empty\" ><\/div><\/div><\/div>","protected":false},"excerpt":{"rendered":"<p>\u27a0Kullan\u0131m Talimat\u0131 \u0130\u00e7in T\u0131klay\u0131n\u0131z \u27a0K\u0131sa \u00dcr\u00fcn Bilgisi \u0130\u00e7in T\u0131klay\u0131n\u0131z \u27a0Kullan\u0131m Talimat\u0131 \u0130\u00e7in T\u0131klay\u0131n\u0131z \u27a0K\u0131sa \u00dcr\u00fcn Bilgisi \u0130\u00e7in T\u0131klay\u0131n\u0131z \u27a0Kullan\u0131m Talimat\u0131 \u0130\u00e7in T\u0131klay\u0131n\u0131z \u27a0K\u0131sa \u00dcr\u00fcn Bilgisi \u0130\u00e7in T\u0131klay\u0131n\u0131z<\/p>\n","protected":false},"author":1,"featured_media":0,"parent":0,"menu_order":0,"comment_status":"closed","ping_status":"closed","template":"","meta":{"footnotes":""},"class_list":["post-395","page","type-page","status-publish","hentry"],"_links":{"self":[{"href":"https:\/\/davivailac.com.tr\/index.php\/wp-json\/wp\/v2\/pages\/395","targetHints":{"allow":["GET"]}}],"collection":[{"href":"https:\/\/davivailac.com.tr\/index.php\/wp-json\/wp\/v2\/pages"}],"about":[{"href":"https:\/\/davivailac.com.tr\/index.php\/wp-json\/wp\/v2\/types\/page"}],"author":[{"embeddable":true,"href":"https:\/\/davivailac.com.tr\/index.php\/wp-json\/wp\/v2\/users\/1"}],"replies":[{"embeddable":true,"href":"https:\/\/davivailac.com.tr\/index.php\/wp-json\/wp\/v2\/comments?post=395"}],"version-history":[{"count":61,"href":"https:\/\/davivailac.com.tr\/index.php\/wp-json\/wp\/v2\/pages\/395\/revisions"}],"predecessor-version":[{"id":539,"href":"https:\/\/davivailac.com.tr\/index.php\/wp-json\/wp\/v2\/pages\/395\/revisions\/539"}],"wp:attachment":[{"href":"https:\/\/davivailac.com.tr\/index.php\/wp-json\/wp\/v2\/media?parent=395"}],"curies":[{"name":"wp","href":"https:\/\/api.w.org\/{rel}","templated":true}]}}